{"id":10,"date":"2023-06-27T15:59:11","date_gmt":"2023-06-27T13:59:11","guid":{"rendered":"http:\/\/jeanloulendo.com\/?page_id=10"},"modified":"2023-07-06T11:52:13","modified_gmt":"2023-07-06T09:52:13","slug":"biographie","status":"publish","type":"page","link":"https:\/\/jeanloulendo.com\/index.php\/biographie\/","title":{"rendered":"Biographie"},"content":{"rendered":"\n<p><\/p>\n\n\n\n<p>Originaire du Congo-Brazzaville, <strong>Jean LOULENDO <\/strong>a \u00e9t\u00e9 directeur artistique des Ballets KODIA pendant plus de 30 ans.<br>Il a largement contribu\u00e9 \u00e0 faire conna\u00eetre en France et une grande partie de l\u2019Europe de l\u2019Ouest, la richesse et la diversit\u00e9 des musiques<\/p>\n\n\n\n<p>et danses africaines dans de nombreux festivals, \u00e0 travers les spectacles et concerts tous publics, les stages et animations scolaires.<\/p>\n\n\n\n<p>Il a \u00e9t\u00e9 form\u00e9 \u00e0 la musique traditionnelle aupr\u00e8s de son p\u00e8re, lui-m\u00eame musicien amateur et conteur b\u00e9n\u00e9vole.<\/p>\n\n\n\n<p>\u00c0 Paris, il a \u00e9tudi\u00e9 le th\u00e9\u00e2tre, l\u2019anthropologie religieuse, le cin\u00e9ma documentaire, l\u2019ethnomusicologie, la litt\u00e9rature orale et l\u2019histoire des soci\u00e9t\u00e9s africaines \u00e0 la Ve et VIe sections de l\u2019EPHE, Sorbonne.<\/p>\n\n\n\n<p>Chor\u00e9graphe, et ethno-musicien poly-instrumentiste des musiques traditionnelles d\u2019Afrique Centrale, il ajoute \u00e0 sa connaissance th\u00e9orique des musiques africaines, une riche exp\u00e9rience d\u2019artiste p\u00e9dagogue.<\/p>\n\n\n\n<p>Intervenant avec agr\u00e9ment en milieu scolaire, au Mus\u00e9e de l\u2019Homme (SFE : 86\/98) et \u00e0 la Cit\u00e9 de la Musique-Philharmonie de Paris depuis 1999, \u00e0 l\u2019Institut M\u00e9dico-P\u00e9dagogique de la Fondation Vall\u00e9e \u00e0 Gentily (1996\/2005), il a \u00e9galement enseign\u00e9 dans les \u00e9coles de musique, conservatoires et plusieurs MJC de la r\u00e9gion parisienne. Depuis 1990 il enseigne \u00e0 l\u2019Usine \u00e0 Chapeaux de Rambouillet, aussi bien en danse qu\u2019en percussions africaines.<\/p>\n","protected":false},"excerpt":{"rendered":"<p>Originaire du Congo-Brazzaville, Jean LOULENDO a \u00e9t\u00e9 directeur artistique des Ballets KODIA pendant plus de 30 ans.Il a largement contribu\u00e9 \u00e0 faire conna\u00eetre en France et une grande partie de l\u2019Europe de l\u2019Ouest, la richesse et la diversit\u00e9 des musiques et danses africaines dans de &hellip; <a href=\"https:\/\/jeanloulendo.com\/index.php\/biographie\/\" class=\"more-link\"><span>Continue reading<span class=\"screen-reader-text\">Biographie<\/span><\/span><\/a><\/p>\n","protected":false},"author":1,"featured_media":0,"parent":0,"menu_order":0,"comment_status":"closed","ping_status":"closed","template":"","meta":{"footnotes":""},"class_list":["post-10","page","type-page","status-publish","hentry"],"_links":{"self":[{"href":"https:\/\/jeanloulendo.com\/index.php\/wp-json\/wp\/v2\/pages\/10","targetHints":{"allow":["GET"]}}],"collection":[{"href":"https:\/\/jeanloulendo.com\/index.php\/wp-json\/wp\/v2\/pages"}],"about":[{"href":"https:\/\/jeanloulendo.com\/index.php\/wp-json\/wp\/v2\/types\/page"}],"author":[{"embeddable":true,"href":"https:\/\/jeanloulendo.com\/index.php\/wp-json\/wp\/v2\/users\/1"}],"replies":[{"embeddable":true,"href":"https:\/\/jeanloulendo.com\/index.php\/wp-json\/wp\/v2\/comments?post=10"}],"version-history":[{"count":2,"href":"https:\/\/jeanloulendo.com\/index.php\/wp-json\/wp\/v2\/pages\/10\/revisions"}],"predecessor-version":[{"id":60,"href":"https:\/\/jeanloulendo.com\/index.php\/wp-json\/wp\/v2\/pages\/10\/revisions\/60"}],"wp:attachment":[{"href":"https:\/\/jeanloulendo.com\/index.php\/wp-json\/wp\/v2\/media?parent=10"}],"curies":[{"name":"wp","href":"https:\/\/api.w.org\/{rel}","templated":true}]}}